{"id":544,"date":"2025-10-09T19:12:15","date_gmt":"2025-10-09T18:12:15","guid":{"rendered":"https:\/\/aliancapioneer.iscte-iul.pt\/?page_id=544"},"modified":"2026-02-04T16:38:57","modified_gmt":"2026-02-04T16:38:57","slug":"projects","status":"publish","type":"page","link":"https:\/\/aliancapioneer.iscte-iul.pt\/index.php\/en\/projects\/","title":{"rendered":"Projects"},"content":{"rendered":"\n<p><strong>In recent years, Iscte has participated in several research projects related to SDG 11, acting as coordinator and\/or participant in consortium with other PIONEER partners.<\/strong><\/p>\n\n\n\n<p><strong>Among the various projects, the following stand out:<\/strong><\/p>\n\n\n<div class=\"research-projects-album\"><div class=\"research-projects-row\"><div class=\"research-project-card\"><div class=\"project-card-image\"><img loading=\"lazy\" decoding=\"async\" width=\"300\" height=\"119\" src=\"https:\/\/aliancapioneer.iscte-iul.pt\/wp-content\/uploads\/2025\/10\/1681319736551_ManagiDiTH_logo-300x119.png\" class=\"attachment-medium size-medium wp-post-image\" alt=\"\" srcset=\"https:\/\/aliancapioneer.iscte-iul.pt\/wp-content\/uploads\/2025\/10\/1681319736551_ManagiDiTH_logo-300x119.png 300w, https:\/\/aliancapioneer.iscte-iul.pt\/wp-content\/uploads\/2025\/10\/1681319736551_ManagiDiTH_logo-768x305.png 768w, https:\/\/aliancapioneer.iscte-iul.pt\/wp-content\/uploads\/2025\/10\/1681319736551_ManagiDiTH_logo-750x298.png 750w, https:\/\/aliancapioneer.iscte-iul.pt\/wp-content\/uploads\/2025\/10\/1681319736551_ManagiDiTH_logo.png 843w\" sizes=\"auto, (max-width: 300px) 100vw, 300px\" \/><\/div><div class=\"project-card-body\"><p class=\"project-card-acronym\">ManagiDiTH<\/p><h5 class=\"project-card-title\">Mestrado em Gest\u00e3o da Transforma\u00e7\u00e3o Digital no Sector da Sa\u00fade<\/h5><p class=\"project-card-text\">O\u00a0Mestrado em Gest\u00e3o da Transforma\u00e7\u00e3o Digital no Setor da Sa\u00fade (ManagiDiTH)\u00a0\u00e9 uma iniciativa inovadora no panorama educacional europeu, fruto de um projeto financiado pela Uni\u00e3o Europeia e liderado pela\u00a0Escola de Tecnologias Digitais Aplicadas (Iscte-Sintra), em colabora\u00e7\u00e3o com outras duas universidades:...<\/p><div class=\"project-card-footer\"><div class=\"project-duration-wrapper\"><div class=\"project-duration-item\"><strong>Start Date:<\/strong> 2023-01-01<\/div><div class=\"project-duration-item\"><strong>End Date:<\/strong> 2026-12-31<\/div><\/div><a href=\"https:\/\/ciencia.iscte-iul.pt\/projects\/masters-degree-of-managing-digital-transformation-in-the-health-sector-\/1889\" class=\"btn-project-view\" target=\"_blank\">View details<\/a><\/div><\/div><\/div><div class=\"research-project-card\"><div class=\"project-card-image\"><img loading=\"lazy\" decoding=\"async\" width=\"300\" height=\"119\" src=\"https:\/\/aliancapioneer.iscte-iul.pt\/wp-content\/uploads\/2025\/10\/1681319736551_ManagiDiTH_logo-300x119.png\" class=\"attachment-medium size-medium wp-post-image\" alt=\"\" srcset=\"https:\/\/aliancapioneer.iscte-iul.pt\/wp-content\/uploads\/2025\/10\/1681319736551_ManagiDiTH_logo-300x119.png 300w, https:\/\/aliancapioneer.iscte-iul.pt\/wp-content\/uploads\/2025\/10\/1681319736551_ManagiDiTH_logo-768x305.png 768w, https:\/\/aliancapioneer.iscte-iul.pt\/wp-content\/uploads\/2025\/10\/1681319736551_ManagiDiTH_logo-750x298.png 750w, https:\/\/aliancapioneer.iscte-iul.pt\/wp-content\/uploads\/2025\/10\/1681319736551_ManagiDiTH_logo.png 843w\" sizes=\"auto, (max-width: 300px) 100vw, 300px\" \/><\/div><div class=\"project-card-body\"><p class=\"project-card-acronym\">ManagiDiTH<\/p><h5 class=\"project-card-title\">Master&#8217;s Degree of Managing Digital Transformation in the Health Sector<\/h5><p class=\"project-card-text\">The\u00a0Master&#8217;s Degree in Managing Digital Transformation in the Health Sector\u00a0(ManagiDiTH) is an innovative initiative in the European educational panorama, the result of a project financed by the European Union and led by the\u00a0School of Applied Digital Technologies\u00a0(Iscte-Sintra), in collaboration with...<\/p><div class=\"project-card-footer\"><div class=\"project-duration-wrapper\"><div class=\"project-duration-item\"><strong>Start Date:<\/strong> 2023-01-01<\/div><div class=\"project-duration-item\"><strong>End Date:<\/strong> 2026-12-31<\/div><\/div><a href=\"https:\/\/ciencia.iscte-iul.pt\/projects\/masters-degree-of-managing-digital-transformation-in-the-health-sector-\/1889\" class=\"btn-project-view\" target=\"_blank\">View details<\/a><\/div><\/div><\/div><div class=\"research-project-card\"><div class=\"project-card-image\"><img loading=\"lazy\" decoding=\"async\" width=\"300\" height=\"134\" src=\"https:\/\/aliancapioneer.iscte-iul.pt\/wp-content\/uploads\/2025\/10\/1677576338815_InCITIES_logo-e1760035595871-300x134.jpg\" class=\"attachment-medium size-medium wp-post-image\" alt=\"\" srcset=\"https:\/\/aliancapioneer.iscte-iul.pt\/wp-content\/uploads\/2025\/10\/1677576338815_InCITIES_logo-e1760035595871-300x134.jpg 300w, https:\/\/aliancapioneer.iscte-iul.pt\/wp-content\/uploads\/2025\/10\/1677576338815_InCITIES_logo-e1760035595871.jpg 526w\" sizes=\"auto, (max-width: 300px) 100vw, 300px\" \/><\/div><div class=\"project-card-body\"><p class=\"project-card-acronym\">InCITIES<\/p><h5 class=\"project-card-title\">Trailblazing Inclusive, Sustainable and Resilient Cities<\/h5><p class=\"project-card-text\">The InCITIES project aims to achieve the transformations of HEIs and their surrounding ecosystem centred around on cities\u2019 needs of inclusion, sustainability and resilience. Its specific focus on widening countries (Portugal and Slovakia) will allow to overcome structural, sociocultural, economic,...<\/p><div class=\"project-card-footer\"><div class=\"project-duration-wrapper\"><div class=\"project-duration-item\"><strong>Start Date:<\/strong> 2022-10-01<\/div><div class=\"project-duration-item\"><strong>End Date:<\/strong> 2025-09-30<\/div><\/div><a href=\"https:\/\/ciencia.iscte-iul.pt\/projects\/trailblazing-inclusive-sustainable-and-resilient-cities\/1813\" class=\"btn-project-view\" target=\"_blank\">View details<\/a><\/div><\/div><\/div><div class=\"research-project-card\"><div class=\"project-card-image\"><img loading=\"lazy\" decoding=\"async\" width=\"300\" height=\"134\" src=\"https:\/\/aliancapioneer.iscte-iul.pt\/wp-content\/uploads\/2025\/10\/1677576338815_InCITIES_logo-e1760035595871-300x134.jpg\" class=\"attachment-medium size-medium wp-post-image\" alt=\"\" srcset=\"https:\/\/aliancapioneer.iscte-iul.pt\/wp-content\/uploads\/2025\/10\/1677576338815_InCITIES_logo-e1760035595871-300x134.jpg 300w, https:\/\/aliancapioneer.iscte-iul.pt\/wp-content\/uploads\/2025\/10\/1677576338815_InCITIES_logo-e1760035595871.jpg 526w\" sizes=\"auto, (max-width: 300px) 100vw, 300px\" \/><\/div><div class=\"project-card-body\"><p class=\"project-card-acronym\">InCITIES<\/p><h5 class=\"project-card-title\">Trailblazing Inclusive, Sustainable and Resilient Cities<\/h5><p class=\"project-card-text\">O projecto InCITIES foca-se nas cidades do futuro: resilientes, sustent\u00e1veis e inclusivas. Este projecto \u00e9 financiado pela Comiss\u00e3o Europeia, atrav\u00e9s do Programa Quadro Horizonte Europa, lan\u00e7ado, no contexto da\u00a0European Excellence Initiative.\u00a0 InCITIES promove e desenvolve iniciativas no \u00e2mbito da investiga\u00e7\u00e3o,...<\/p><div class=\"project-card-footer\"><div class=\"project-duration-wrapper\"><div class=\"project-duration-item\"><strong>Start Date:<\/strong> 2022-10-01<\/div><div class=\"project-duration-item\"><strong>End Date:<\/strong> 2025-09-30<\/div><\/div><a href=\"https:\/\/ciencia.iscte-iul.pt\/projects\/trailblazing-inclusive-sustainable-and-resilient-cities\/1813\" class=\"btn-project-view\" target=\"_blank\">View details<\/a><\/div><\/div><\/div><div class=\"research-project-card\"><div class=\"project-card-image\"><img loading=\"lazy\" decoding=\"async\" width=\"300\" height=\"104\" src=\"https:\/\/aliancapioneer.iscte-iul.pt\/wp-content\/uploads\/2025\/10\/1721459305029_Retime_logo_web_version-300x104.png\" class=\"attachment-medium size-medium wp-post-image\" alt=\"\" srcset=\"https:\/\/aliancapioneer.iscte-iul.pt\/wp-content\/uploads\/2025\/10\/1721459305029_Retime_logo_web_version-300x104.png 300w, https:\/\/aliancapioneer.iscte-iul.pt\/wp-content\/uploads\/2025\/10\/1721459305029_Retime_logo_web_version-1024x354.png 1024w, https:\/\/aliancapioneer.iscte-iul.pt\/wp-content\/uploads\/2025\/10\/1721459305029_Retime_logo_web_version-768x265.png 768w, https:\/\/aliancapioneer.iscte-iul.pt\/wp-content\/uploads\/2025\/10\/1721459305029_Retime_logo_web_version-1536x531.png 1536w, https:\/\/aliancapioneer.iscte-iul.pt\/wp-content\/uploads\/2025\/10\/1721459305029_Retime_logo_web_version-750x259.png 750w, https:\/\/aliancapioneer.iscte-iul.pt\/wp-content\/uploads\/2025\/10\/1721459305029_Retime_logo_web_version.png 1814w\" sizes=\"auto, (max-width: 300px) 100vw, 300px\" \/><\/div><div class=\"project-card-body\"><p class=\"project-card-acronym\">RETIME<\/p><h5 class=\"project-card-title\">Urban Adaptation and Alert Solutions for a TIMEly (re)Action<\/h5><p class=\"project-card-text\">The RETIME project (Horizon Europe Innovation Action) aims to address impactful changes at both the contextual district level and individual homes of\u00a0natural and human-caused disasters. It will introduce a data-driven tool that aggregates existing data from weather stations, sensor networks,...<\/p><div class=\"project-card-footer\"><div class=\"project-duration-wrapper\"><div class=\"project-duration-item\"><strong>Start Date:<\/strong> 2024-05-01<\/div><div class=\"project-duration-item\"><strong>End Date:<\/strong> 2028-04-30<\/div><\/div><a href=\"https:\/\/ciencia.iscte-iul.pt\/projects\/urban-adaptation-and-alert-solutions-for-a-timely-reaction\/2046\" class=\"btn-project-view\" target=\"_blank\">View details<\/a><\/div><\/div><\/div><div class=\"research-project-card\"><div class=\"project-card-image\"><img loading=\"lazy\" decoding=\"async\" width=\"300\" height=\"104\" src=\"https:\/\/aliancapioneer.iscte-iul.pt\/wp-content\/uploads\/2025\/10\/1721459305029_Retime_logo_web_version-300x104.png\" class=\"attachment-medium size-medium wp-post-image\" alt=\"\" srcset=\"https:\/\/aliancapioneer.iscte-iul.pt\/wp-content\/uploads\/2025\/10\/1721459305029_Retime_logo_web_version-300x104.png 300w, https:\/\/aliancapioneer.iscte-iul.pt\/wp-content\/uploads\/2025\/10\/1721459305029_Retime_logo_web_version-1024x354.png 1024w, https:\/\/aliancapioneer.iscte-iul.pt\/wp-content\/uploads\/2025\/10\/1721459305029_Retime_logo_web_version-768x265.png 768w, https:\/\/aliancapioneer.iscte-iul.pt\/wp-content\/uploads\/2025\/10\/1721459305029_Retime_logo_web_version-1536x531.png 1536w, https:\/\/aliancapioneer.iscte-iul.pt\/wp-content\/uploads\/2025\/10\/1721459305029_Retime_logo_web_version-750x259.png 750w, https:\/\/aliancapioneer.iscte-iul.pt\/wp-content\/uploads\/2025\/10\/1721459305029_Retime_logo_web_version.png 1814w\" sizes=\"auto, (max-width: 300px) 100vw, 300px\" \/><\/div><div class=\"project-card-body\"><p class=\"project-card-acronym\">RETIME<\/p><h5 class=\"project-card-title\">Urban Adaptation and Alert Solutions for a TIMEly (re)Action<\/h5><p class=\"project-card-text\">The RETIME project (Horizon Europe Innovation Action) aims to address impactful changes at both the contextual district level and individual homes of\u00a0natural and human-caused disasters. It will introduce a data-driven tool that aggregates existing data from weather stations, sensor networks,...<\/p><div class=\"project-card-footer\"><div class=\"project-duration-wrapper\"><div class=\"project-duration-item\"><strong>Start Date:<\/strong> 2024-05-01<\/div><div class=\"project-duration-item\"><strong>End Date:<\/strong> 2028-04-30<\/div><\/div><a href=\"https:\/\/ciencia.iscte-iul.pt\/projects\/urban-adaptation-and-alert-solutions-for-a-timely-reaction\/2046\" class=\"btn-project-view\" target=\"_blank\">View details<\/a><\/div><\/div><\/div><\/div><\/div>\n","protected":false},"excerpt":{"rendered":"<p>In recent years, Iscte has participated in several research projects related to SDG 11, acting as coordinator and\/or participant in consortium with other PIONEER partners. Among the various projects, the following stand out:<\/p>\n","protected":false},"author":1,"featured_media":0,"parent":0,"menu_order":0,"comment_status":"closed","ping_status":"closed","template":"page_fullwidth.php","meta":{"footnotes":""},"class_list":["post-544","page","type-page","status-publish","hentry"],"featured_image_src":null,"_links":{"self":[{"href":"https:\/\/aliancapioneer.iscte-iul.pt\/index.php\/wp-json\/wp\/v2\/pages\/544","targetHints":{"allow":["GET"]}}],"collection":[{"href":"https:\/\/aliancapioneer.iscte-iul.pt\/index.php\/wp-json\/wp\/v2\/pages"}],"about":[{"href":"https:\/\/aliancapioneer.iscte-iul.pt\/index.php\/wp-json\/wp\/v2\/types\/page"}],"author":[{"embeddable":true,"href":"https:\/\/aliancapioneer.iscte-iul.pt\/index.php\/wp-json\/wp\/v2\/users\/1"}],"replies":[{"embeddable":true,"href":"https:\/\/aliancapioneer.iscte-iul.pt\/index.php\/wp-json\/wp\/v2\/comments?post=544"}],"version-history":[{"count":2,"href":"https:\/\/aliancapioneer.iscte-iul.pt\/index.php\/wp-json\/wp\/v2\/pages\/544\/revisions"}],"predecessor-version":[{"id":691,"href":"https:\/\/aliancapioneer.iscte-iul.pt\/index.php\/wp-json\/wp\/v2\/pages\/544\/revisions\/691"}],"wp:attachment":[{"href":"https:\/\/aliancapioneer.iscte-iul.pt\/index.php\/wp-json\/wp\/v2\/media?parent=544"}],"curies":[{"name":"wp","href":"https:\/\/api.w.org\/{rel}","templated":true}]}}